{"id":827,"date":"2022-07-25T13:54:49","date_gmt":"2022-07-25T18:54:49","guid":{"rendered":"https:\/\/hhguadalupe.com\/?page_id=827"},"modified":"2022-09-01T12:03:38","modified_gmt":"2022-09-01T17:03:38","slug":"doble-terraza","status":"publish","type":"page","link":"https:\/\/hhguadalupe.com\/ingles\/habitaciones\/doble-terraza\/","title":{"rendered":"Doble Terraza"},"content":{"rendered":"\t\t<div data-elementor-type=\"wp-page\" data-elementor-id=\"827\" class=\"elementor elementor-827\">\n\t\t\t\t\t\t\t\t\t<section class=\"elementor-section elementor-top-section elementor-element elementor-element-56bab54 elementor-section-boxed elementor-section-height-default elementor-section-height-default parallax_section_no qode_elementor_container_no\" data-id=\"56bab54\" data-element_type=\"section\">\n\t\t\t\t\t\t<div class=\"elementor-container elementor-column-gap-default\">\n\t\t\t\t\t<div class=\"elementor-column elementor-col-100 elementor-top-column elementor-element elementor-element-f334947\" data-id=\"f334947\" data-element_type=\"column\">\n\t\t\t<div class=\"elementor-widget-wrap elementor-element-populated\">\n\t\t\t\t\t\t\t\t<section class=\"elementor-section elementor-inner-section elementor-element elementor-element-760963d elementor-section-boxed elementor-section-height-default elementor-section-height-default parallax_section_no qode_elementor_container_no\" data-id=\"760963d\" data-element_type=\"section\">\n\t\t\t\t\t\t<div class=\"elementor-container elementor-column-gap-default\">\n\t\t\t\t\t<div class=\"elementor-column elementor-col-50 elementor-inner-column elementor-element elementor-element-940469b\" data-id=\"940469b\" data-element_type=\"column\">\n\t\t\t<div class=\"elementor-widget-wrap elementor-element-populated\">\n\t\t\t\t\t\t\t\t<div class=\"elementor-element elementor-element-15e7e5c elementor-widget elementor-widget-image\" data-id=\"15e7e5c\" data-element_type=\"widget\" data-widget_type=\"image.default\">\n\t\t\t\t<div class=\"elementor-widget-container\">\n\t\t\t<style>\/*! elementor - v3.6.7 - 03-07-2022 *\/\n.elementor-widget-image{text-align:center}.elementor-widget-image a{display:inline-block}.elementor-widget-image a img[src$=\".svg\"]{width:48px}.elementor-widget-image img{vertical-align:middle;display:inline-block}<\/style>\t\t\t\t\t\t\t\t\t\t\t\t<img loading=\"lazy\" decoding=\"async\" width=\"765\" height=\"784\" src=\"https:\/\/hhguadalupe.com\/ingles\/wp-content\/uploads\/2022\/07\/DOBLE_TERRAZA_HACIENDA_GUADALUPE-1.jpg\" class=\"attachment-large size-large\" alt=\"\" srcset=\"https:\/\/hhguadalupe.com\/ingles\/wp-content\/uploads\/2022\/07\/DOBLE_TERRAZA_HACIENDA_GUADALUPE-1.jpg 765w, https:\/\/hhguadalupe.com\/ingles\/wp-content\/uploads\/2022\/07\/DOBLE_TERRAZA_HACIENDA_GUADALUPE-1-293x300.jpg 293w, https:\/\/hhguadalupe.com\/ingles\/wp-content\/uploads\/2022\/07\/DOBLE_TERRAZA_HACIENDA_GUADALUPE-1-700x717.jpg 700w\" sizes=\"auto, (max-width: 765px) 100vw, 765px\" \/>\t\t\t\t\t\t\t\t\t\t\t\t\t\t\t<\/div>\n\t\t\t\t<\/div>\n\t\t\t\t\t<\/div>\n\t\t<\/div>\n\t\t\t\t<div class=\"elementor-column elementor-col-50 elementor-inner-column elementor-element elementor-element-919d68e\" data-id=\"919d68e\" data-element_type=\"column\">\n\t\t\t<div class=\"elementor-widget-wrap elementor-element-populated\">\n\t\t\t\t\t\t\t\t<div class=\"elementor-element elementor-element-1f7523e elementor-widget elementor-widget-text-editor\" data-id=\"1f7523e\" data-element_type=\"widget\" data-widget_type=\"text-editor.default\">\n\t\t\t\t<div class=\"elementor-widget-container\">\n\t\t\t<style>\/*! elementor - v3.6.7 - 03-07-2022 *\/\n.elementor-widget-text-editor.elementor-drop-cap-view-stacked .elementor-drop-cap{background-color:#818a91;color:#fff}.elementor-widget-text-editor.elementor-drop-cap-view-framed .elementor-drop-cap{color:#818a91;border:3px solid;background-color:transparent}.elementor-widget-text-editor:not(.elementor-drop-cap-view-default) .elementor-drop-cap{margin-top:8px}.elementor-widget-text-editor:not(.elementor-drop-cap-view-default) .elementor-drop-cap-letter{width:1em;height:1em}.elementor-widget-text-editor .elementor-drop-cap{float:left;text-align:center;line-height:1;font-size:50px}.elementor-widget-text-editor .elementor-drop-cap-letter{display:inline-block}<\/style>\t\t\t\t<h1>DOBLE TERRAZA<\/h1>\t\t\t\t\t\t<\/div>\n\t\t\t\t<\/div>\n\t\t\t\t<div class=\"elementor-element elementor-element-abb9ab6 elementor-widget elementor-widget-text-editor\" data-id=\"abb9ab6\" data-element_type=\"widget\" data-widget_type=\"text-editor.default\">\n\t\t\t\t<div class=\"elementor-widget-container\">\n\t\t\t\t\t\t\t<p>Enfold yourself in our welcoming spaces. We have everything you need to make us your first choice for accommodation, right in the heart of the city.<\/p><p>\u00a0<\/p><p>Double room. Breakfast for two persons an additional $550 MXN if paying at the hotel.<\/p><p>\u00a0<\/p><p>Meals are paid directly at Restaurante Estoril.<\/p><p>\u00a0<\/p><p><strong>RATE: Since $7,000.00 MXN<\/strong><\/p>\t\t\t\t\t\t<\/div>\n\t\t\t\t<\/div>\n\t\t\t\t<div class=\"elementor-element elementor-element-ed391c7 elementor-widget elementor-widget-html\" data-id=\"ed391c7\" data-element_type=\"widget\" data-widget_type=\"html.default\">\n\t\t\t\t<div class=\"elementor-widget-container\">\n\t\t\t<a  itemprop=\"url\" href=\"#menu\" target=\"_self\"  class=\"qbutton  small center default\" style=\"\">MENU<\/a>\t\t<\/div>\n\t\t\t\t<\/div>\n\t\t\t\t\t<\/div>\n\t\t<\/div>\n\t\t\t\t\t\t\t<\/div>\n\t\t<\/section>\n\t\t\t\t\t<\/div>\n\t\t<\/div>\n\t\t\t\t\t\t\t<\/div>\n\t\t<\/section>\n\t\t\t\t<section class=\"elementor-section elementor-top-section elementor-element elementor-element-6443799 elementor-section-boxed elementor-section-height-default elementor-section-height-default parallax_section_no qode_elementor_container_no\" data-id=\"6443799\" data-element_type=\"section\">\n\t\t\t\t\t\t<div class=\"elementor-container elementor-column-gap-default\">\n\t\t\t\t\t<div class=\"elementor-column elementor-col-100 elementor-top-column elementor-element elementor-element-5058660\" data-id=\"5058660\" data-element_type=\"column\">\n\t\t\t<div class=\"elementor-widget-wrap elementor-element-populated\">\n\t\t\t\t\t\t\t\t<section class=\"elementor-section elementor-inner-section elementor-element elementor-element-7962729 elementor-section-boxed elementor-section-height-default elementor-section-height-default parallax_section_no qode_elementor_container_no\" data-id=\"7962729\" data-element_type=\"section\">\n\t\t\t\t\t\t<div class=\"elementor-container elementor-column-gap-default\">\n\t\t\t\t\t<div class=\"elementor-column elementor-col-33 elementor-inner-column elementor-element elementor-element-5f477ce\" data-id=\"5f477ce\" data-element_type=\"column\">\n\t\t\t<div class=\"elementor-widget-wrap elementor-element-populated\">\n\t\t\t\t\t\t\t\t<div class=\"elementor-element elementor-element-9744e95 elementor-widget elementor-widget-image\" data-id=\"9744e95\" data-element_type=\"widget\" data-widget_type=\"image.default\">\n\t\t\t\t<div class=\"elementor-widget-container\">\n\t\t\t\t\t\t\t\t\t\t\t\t\t\t\t<img loading=\"lazy\" decoding=\"async\" width=\"452\" height=\"612\" src=\"https:\/\/hhguadalupe.com\/ingles\/wp-content\/uploads\/2022\/07\/02_DOBLE_TERRAZA_HACIENDA_GUADALUPE.jpg\" class=\"attachment-large size-large\" alt=\"\" srcset=\"https:\/\/hhguadalupe.com\/ingles\/wp-content\/uploads\/2022\/07\/02_DOBLE_TERRAZA_HACIENDA_GUADALUPE.jpg 452w, https:\/\/hhguadalupe.com\/ingles\/wp-content\/uploads\/2022\/07\/02_DOBLE_TERRAZA_HACIENDA_GUADALUPE-222x300.jpg 222w\" sizes=\"auto, (max-width: 452px) 100vw, 452px\" \/>\t\t\t\t\t\t\t\t\t\t\t\t\t\t\t<\/div>\n\t\t\t\t<\/div>\n\t\t\t\t\t<\/div>\n\t\t<\/div>\n\t\t\t\t<div class=\"elementor-column elementor-col-33 elementor-inner-column elementor-element elementor-element-c4d2f4a\" data-id=\"c4d2f4a\" data-element_type=\"column\">\n\t\t\t<div class=\"elementor-widget-wrap elementor-element-populated\">\n\t\t\t\t\t\t\t\t<div class=\"elementor-element elementor-element-8b6b823 elementor-widget elementor-widget-image\" data-id=\"8b6b823\" data-element_type=\"widget\" data-widget_type=\"image.default\">\n\t\t\t\t<div class=\"elementor-widget-container\">\n\t\t\t\t\t\t\t\t\t\t\t\t\t\t\t<img loading=\"lazy\" decoding=\"async\" width=\"452\" height=\"612\" src=\"https:\/\/hhguadalupe.com\/ingles\/wp-content\/uploads\/2022\/07\/03_DOBLE_TERRAZA_HACIENDA_GUADALUPE.jpg\" class=\"attachment-large size-large\" alt=\"\" srcset=\"https:\/\/hhguadalupe.com\/ingles\/wp-content\/uploads\/2022\/07\/03_DOBLE_TERRAZA_HACIENDA_GUADALUPE.jpg 452w, https:\/\/hhguadalupe.com\/ingles\/wp-content\/uploads\/2022\/07\/03_DOBLE_TERRAZA_HACIENDA_GUADALUPE-222x300.jpg 222w\" sizes=\"auto, (max-width: 452px) 100vw, 452px\" \/>\t\t\t\t\t\t\t\t\t\t\t\t\t\t\t<\/div>\n\t\t\t\t<\/div>\n\t\t\t\t\t<\/div>\n\t\t<\/div>\n\t\t\t\t<div class=\"elementor-column elementor-col-33 elementor-inner-column elementor-element elementor-element-7feb6b8\" data-id=\"7feb6b8\" data-element_type=\"column\">\n\t\t\t<div class=\"elementor-widget-wrap elementor-element-populated\">\n\t\t\t\t\t\t\t\t<div class=\"elementor-element elementor-element-c2ef301 elementor-widget elementor-widget-image\" data-id=\"c2ef301\" data-element_type=\"widget\" data-widget_type=\"image.default\">\n\t\t\t\t<div class=\"elementor-widget-container\">\n\t\t\t\t\t\t\t\t\t\t\t\t\t\t\t<img loading=\"lazy\" decoding=\"async\" width=\"452\" height=\"612\" src=\"https:\/\/hhguadalupe.com\/ingles\/wp-content\/uploads\/2022\/07\/04_DOBLE_TERRAZA_HACIENDA_GUADALUPE.jpg\" class=\"attachment-large size-large\" alt=\"\" srcset=\"https:\/\/hhguadalupe.com\/ingles\/wp-content\/uploads\/2022\/07\/04_DOBLE_TERRAZA_HACIENDA_GUADALUPE.jpg 452w, https:\/\/hhguadalupe.com\/ingles\/wp-content\/uploads\/2022\/07\/04_DOBLE_TERRAZA_HACIENDA_GUADALUPE-222x300.jpg 222w\" sizes=\"auto, (max-width: 452px) 100vw, 452px\" \/>\t\t\t\t\t\t\t\t\t\t\t\t\t\t\t<\/div>\n\t\t\t\t<\/div>\n\t\t\t\t\t<\/div>\n\t\t<\/div>\n\t\t\t\t\t\t\t<\/div>\n\t\t<\/section>\n\t\t\t\t\t<\/div>\n\t\t<\/div>\n\t\t\t\t\t\t\t<\/div>\n\t\t<\/section>\n\t\t\t\t<section class=\"elementor-section elementor-top-section elementor-element elementor-element-52f8aeb elementor-section-boxed elementor-section-height-default elementor-section-height-default parallax_section_no qode_elementor_container_no\" data-id=\"52f8aeb\" data-element_type=\"section\">\n\t\t\t\t\t\t<div class=\"elementor-container elementor-column-gap-default\">\n\t\t\t\t\t<div class=\"elementor-column elementor-col-100 elementor-top-column elementor-element elementor-element-fd0388e\" data-id=\"fd0388e\" data-element_type=\"column\">\n\t\t\t<div class=\"elementor-widget-wrap elementor-element-populated\">\n\t\t\t\t\t\t\t\t<section class=\"elementor-section elementor-inner-section elementor-element elementor-element-f1f616b elementor-section-boxed elementor-section-height-default elementor-section-height-default parallax_section_no qode_elementor_container_no\" data-id=\"f1f616b\" data-element_type=\"section\">\n\t\t\t\t\t\t<div class=\"elementor-container elementor-column-gap-default\">\n\t\t\t\t\t<div class=\"elementor-column elementor-col-50 elementor-inner-column elementor-element elementor-element-ae5ff14\" data-id=\"ae5ff14\" data-element_type=\"column\">\n\t\t\t<div class=\"elementor-widget-wrap elementor-element-populated\">\n\t\t\t\t\t\t\t\t<div class=\"elementor-element elementor-element-e14b0b7 elementor-hidden-tablet elementor-hidden-mobile elementor-widget elementor-widget-text-editor\" data-id=\"e14b0b7\" data-element_type=\"widget\" data-widget_type=\"text-editor.default\">\n\t\t\t\t<div class=\"elementor-widget-container\">\n\t\t\t\t\t\t\t<h1>AMENITIES<\/h1>\t\t\t\t\t\t<\/div>\n\t\t\t\t<\/div>\n\t\t\t\t<div class=\"elementor-element elementor-element-55a2754 elementor-hidden-desktop elementor-widget elementor-widget-text-editor\" data-id=\"55a2754\" data-element_type=\"widget\" data-widget_type=\"text-editor.default\">\n\t\t\t\t<div class=\"elementor-widget-container\">\n\t\t\t\t\t\t\t<h1>AMENITIES<\/h1>\t\t\t\t\t\t<\/div>\n\t\t\t\t<\/div>\n\t\t\t\t<div class=\"elementor-element elementor-element-406265e elementor-hidden-tablet elementor-hidden-mobile elementor-widget elementor-widget-text-editor\" data-id=\"406265e\" data-element_type=\"widget\" data-widget_type=\"text-editor.default\">\n\t\t\t\t<div class=\"elementor-widget-container\">\n\t\t\t\t\t\t\t<p>Massages in the privacy of your room (book in advance).<\/p><p>*Bathroom kit<\/p><p>*Bathrobes<\/p><p>*Towels<\/p><p>*Hairdryer<\/p><p>*Bottled water<\/p><p>*Phone<\/p><p>*Air conditioning<\/p><p>*Smart TV<\/p><p>*Wifi<\/p><p>*Safe<\/p>\t\t\t\t\t\t<\/div>\n\t\t\t\t<\/div>\n\t\t\t\t<div class=\"elementor-element elementor-element-2c81224 elementor-hidden-desktop elementor-widget elementor-widget-text-editor\" data-id=\"2c81224\" data-element_type=\"widget\" data-widget_type=\"text-editor.default\">\n\t\t\t\t<div class=\"elementor-widget-container\">\n\t\t\t\t\t\t\t<p>Massages in the privacy of your room (book in advance).<\/p><p>*Bathroom kit<\/p><p>*Bathrobes<\/p><p>*Towels<\/p><p>*Hairdryer<\/p><p>*Bottled water<\/p><p>*Phone<\/p><p>*Air conditioning<\/p><p>*Smart TV<\/p><p>*Wifi<\/p><p>*Safe<\/p>\t\t\t\t\t\t<\/div>\n\t\t\t\t<\/div>\n\t\t\t\t\t<\/div>\n\t\t<\/div>\n\t\t\t\t<div class=\"elementor-column elementor-col-50 elementor-inner-column elementor-element elementor-element-b36479d\" data-id=\"b36479d\" data-element_type=\"column\">\n\t\t\t<div class=\"elementor-widget-wrap elementor-element-populated\">\n\t\t\t\t\t\t\t\t<div class=\"elementor-element elementor-element-65980c7 elementor-widget elementor-widget-image\" data-id=\"65980c7\" data-element_type=\"widget\" data-widget_type=\"image.default\">\n\t\t\t\t<div class=\"elementor-widget-container\">\n\t\t\t\t\t\t\t\t\t\t\t\t\t\t\t<img loading=\"lazy\" decoding=\"async\" width=\"640\" height=\"798\" src=\"https:\/\/hhguadalupe.com\/ingles\/wp-content\/uploads\/2022\/07\/01_AMENIDADES_HACIENDA_GUADALUPE.jpg\" class=\"attachment-large size-large\" alt=\"\" srcset=\"https:\/\/hhguadalupe.com\/ingles\/wp-content\/uploads\/2022\/07\/01_AMENIDADES_HACIENDA_GUADALUPE.jpg 640w, https:\/\/hhguadalupe.com\/ingles\/wp-content\/uploads\/2022\/07\/01_AMENIDADES_HACIENDA_GUADALUPE-241x300.jpg 241w\" sizes=\"auto, (max-width: 640px) 100vw, 640px\" \/>\t\t\t\t\t\t\t\t\t\t\t\t\t\t\t<\/div>\n\t\t\t\t<\/div>\n\t\t\t\t\t<\/div>\n\t\t<\/div>\n\t\t\t\t\t\t\t<\/div>\n\t\t<\/section>\n\t\t\t\t\t<\/div>\n\t\t<\/div>\n\t\t\t\t\t\t\t<\/div>\n\t\t<\/section>\n\t\t\t\t<section data-q_id=\"#menu\" class=\"elementor-section elementor-top-section elementor-element elementor-element-c39540b elementor-section-boxed elementor-section-height-default elementor-section-height-default parallax_section_no qode_elementor_container_no\" data-id=\"c39540b\" data-element_type=\"section\">\n\t\t\t\t\t\t<div class=\"elementor-container elementor-column-gap-default\">\n\t\t\t\t\t<div class=\"elementor-column elementor-col-100 elementor-top-column elementor-element elementor-element-5ec2750\" data-id=\"5ec2750\" data-element_type=\"column\">\n\t\t\t<div class=\"elementor-widget-wrap elementor-element-populated\">\n\t\t\t\t\t\t\t\t<section class=\"elementor-section elementor-inner-section elementor-element elementor-element-1b5e310 elementor-section-boxed elementor-section-height-default elementor-section-height-default parallax_section_no qode_elementor_container_no\" data-id=\"1b5e310\" data-element_type=\"section\">\n\t\t\t\t\t\t<div class=\"elementor-container elementor-column-gap-default\">\n\t\t\t\t\t<div class=\"elementor-column elementor-col-100 elementor-inner-column elementor-element elementor-element-a3d56ca\" data-id=\"a3d56ca\" data-element_type=\"column\">\n\t\t\t<div class=\"elementor-widget-wrap elementor-element-populated\">\n\t\t\t\t\t\t\t\t<div class=\"elementor-element elementor-element-f1f9170 elementor-widget elementor-widget-text-editor\" data-id=\"f1f9170\" data-element_type=\"widget\" data-widget_type=\"text-editor.default\">\n\t\t\t\t<div class=\"elementor-widget-container\">\n\t\t\t\t\t\t\t<p><strong>RESTAURANT ESTORIL<\/strong><\/p>\t\t\t\t\t\t<\/div>\n\t\t\t\t<\/div>\n\t\t\t\t<div class=\"elementor-element elementor-element-9feba2e elementor-widget elementor-widget-text-editor\" data-id=\"9feba2e\" data-element_type=\"widget\" data-widget_type=\"text-editor.default\">\n\t\t\t\t<div class=\"elementor-widget-container\">\n\t\t\t\t\t\t\t<h1>MEN\u00da DESAYUNOS<\/h1>\t\t\t\t\t\t<\/div>\n\t\t\t\t<\/div>\n\t\t\t\t\t<\/div>\n\t\t<\/div>\n\t\t\t\t\t\t\t<\/div>\n\t\t<\/section>\n\t\t\t\t<section class=\"elementor-section elementor-inner-section elementor-element elementor-element-e117c31 elementor-section-boxed elementor-section-height-default elementor-section-height-default parallax_section_no qode_elementor_container_no\" data-id=\"e117c31\" data-element_type=\"section\">\n\t\t\t\t\t\t<div class=\"elementor-container elementor-column-gap-default\">\n\t\t\t\t\t<div class=\"elementor-column elementor-col-50 elementor-inner-column elementor-element elementor-element-dc1c19f\" data-id=\"dc1c19f\" data-element_type=\"column\">\n\t\t\t<div class=\"elementor-widget-wrap elementor-element-populated\">\n\t\t\t\t\t\t\t\t<div class=\"elementor-element elementor-element-a076987 elementor-widget elementor-widget-text-editor\" data-id=\"a076987\" data-element_type=\"widget\" data-widget_type=\"text-editor.default\">\n\t\t\t\t<div class=\"elementor-widget-container\">\n\t\t\t\t\t\t\t<p><strong>Huevos Benedictinos<\/strong><br \/>Huevos pochados servidos sobre rebanadas de pan de la casa tostado con mantequilla, cubiertos con nuestra cremosa salsa holandesa acompa\u00f1ados de esp\u00e1rragos tocino y jitomates provenzales.<\/p><p>\u00a0<\/p><p><strong>Huevos revueltos de la casa<\/strong><br \/>Huevos revueltos cocinados con mantequilla servido sobre rebanadas de pan tostado con frijoles refritos, acompa\u00f1ado de una ensalada mixta sazonada y jitomates provenzales<\/p><p>\u00a0<\/p><p><strong>Huevos estrellados<\/strong><br \/>Huevos estrellados con queso Gouda derretido, acompa\u00f1ados de chorizo, champi\u00f1ones, papas cambray al romero y espinacas baby<\/p><p>\u00a0<\/p><p><strong>Chilaquiles de la casa rojos o verdes<\/strong><br \/>Totopos ba\u00f1ados en deliciosa salsa tatemada roja o verde, ba\u00f1ados en crema y queso ranchero acompa\u00f1ados de frijoles refritos especiales y cebolla encurtida<\/p>\t\t\t\t\t\t<\/div>\n\t\t\t\t<\/div>\n\t\t\t\t\t<\/div>\n\t\t<\/div>\n\t\t\t\t<div class=\"elementor-column elementor-col-50 elementor-inner-column elementor-element elementor-element-8bec8f6\" data-id=\"8bec8f6\" data-element_type=\"column\">\n\t\t\t<div class=\"elementor-widget-wrap elementor-element-populated\">\n\t\t\t\t\t\t\t\t<div class=\"elementor-element elementor-element-c374e62 elementor-widget elementor-widget-text-editor\" data-id=\"c374e62\" data-element_type=\"widget\" data-widget_type=\"text-editor.default\">\n\t\t\t\t<div class=\"elementor-widget-container\">\n\t\t\t\t\t\t\t<p><strong>Enfrijoladas<\/strong><br \/>Tres piezas de tortillas rellenas de queso panela asado con champi\u00f1ones, cubiertos con nuestra deliciosa salsa de frijol negro, rayadas con crema, acompa\u00f1adas de aguacate, cebolla encurtida y rodajas de chile serrano curado<\/p><p>\u00a0<\/p><p><strong>Bowl de Fruta<\/strong><br \/>Mix de papaya, mel\u00f3n, sand\u00eda, pl\u00e1tano, frutos rojos, yogur natural, miel de abeja y granola<\/p><p>\u00a0<\/p><p><strong>Pan Franc\u00e9s<\/strong><br \/>Rebanadas de pan brioche de la casa, ba\u00f1ado en nuestra mezcla de leche dulce, cocinado al sart\u00e9n, acompa\u00f1ado de mermelada de la casa, queso cottage, miel y frutos rojos<\/p><p>\u00a0<\/p><p><strong>Avena especial<\/strong><br \/>Hojuelas de avena cocinada en leche endulzada con miel y ar\u00e1ndanos deshidratados, decorado con frutos rojos<\/p><p>\u00a0<\/p><p><strong>Bebidas<\/strong><br \/>Jugo de Naranja<br \/>Jugo verde<br \/>Caf\u00e9 americano<\/p>\t\t\t\t\t\t<\/div>\n\t\t\t\t<\/div>\n\t\t\t\t\t<\/div>\n\t\t<\/div>\n\t\t\t\t\t\t\t<\/div>\n\t\t<\/section>\n\t\t\t\t\t<\/div>\n\t\t<\/div>\n\t\t\t\t\t\t\t<\/div>\n\t\t<\/section>\n\t\t\t\t<section class=\"elementor-section elementor-top-section elementor-element elementor-element-d14d611 elementor-section-boxed elementor-section-height-default elementor-section-height-default parallax_section_no qode_elementor_container_no\" data-id=\"d14d611\" data-element_type=\"section\" data-settings=\"{&quot;background_background&quot;:&quot;classic&quot;}\">\n\t\t\t\t\t\t\t<div class=\"elementor-background-overlay\"><\/div>\n\t\t\t\t\t\t\t<div class=\"elementor-container elementor-column-gap-default\">\n\t\t\t\t\t<div class=\"elementor-column elementor-col-100 elementor-top-column elementor-element elementor-element-7e5c4f5\" data-id=\"7e5c4f5\" data-element_type=\"column\">\n\t\t\t<div class=\"elementor-widget-wrap elementor-element-populated\">\n\t\t\t\t\t\t\t\t<div class=\"elementor-element elementor-element-e0aea8a elementor-widget elementor-widget-spacer\" data-id=\"e0aea8a\" data-element_type=\"widget\" data-widget_type=\"spacer.default\">\n\t\t\t\t<div class=\"elementor-widget-container\">\n\t\t\t<style>\/*! elementor - v3.6.7 - 03-07-2022 *\/\n.e-container.e-container--row .elementor-spacer-inner{width:var(--spacer-size)}.e-container.e-container--column .elementor-spacer-inner,.elementor-column .elementor-spacer-inner{height:var(--spacer-size)}<\/style>\t\t<div class=\"elementor-spacer\">\n\t\t\t<div class=\"elementor-spacer-inner\"><\/div>\n\t\t<\/div>\n\t\t\t\t<\/div>\n\t\t\t\t<\/div>\n\t\t\t\t\t<\/div>\n\t\t<\/div>\n\t\t\t\t\t\t\t<\/div>\n\t\t<\/section>\n\t\t\t\t<section class=\"elementor-section elementor-top-section elementor-element elementor-element-cccaead elementor-section-boxed elementor-section-height-default elementor-section-height-default parallax_section_no qode_elementor_container_no\" data-id=\"cccaead\" data-element_type=\"section\">\n\t\t\t\t\t\t<div class=\"elementor-container elementor-column-gap-default\">\n\t\t\t\t\t<div class=\"elementor-column elementor-col-100 elementor-top-column elementor-element elementor-element-df3839f\" data-id=\"df3839f\" data-element_type=\"column\">\n\t\t\t<div class=\"elementor-widget-wrap elementor-element-populated\">\n\t\t\t\t\t\t\t\t<section class=\"elementor-section elementor-inner-section elementor-element elementor-element-1680d60 elementor-section-boxed elementor-section-height-default elementor-section-height-default parallax_section_no qode_elementor_container_no\" data-id=\"1680d60\" data-element_type=\"section\">\n\t\t\t\t\t\t<div class=\"elementor-container elementor-column-gap-default\">\n\t\t\t\t\t<div class=\"elementor-column elementor-col-100 elementor-inner-column elementor-element elementor-element-8b1f568\" data-id=\"8b1f568\" data-element_type=\"column\">\n\t\t\t<div class=\"elementor-widget-wrap elementor-element-populated\">\n\t\t\t\t\t\t\t\t<div class=\"elementor-element elementor-element-2c75f37 elementor-widget elementor-widget-html\" data-id=\"2c75f37\" data-element_type=\"widget\" data-widget_type=\"html.default\">\n\t\t\t\t<div class=\"elementor-widget-container\">\n\t\t\t<center><a  itemprop=\"url\" href=\"\/ingles\/reserva\/\" target=\"_self\"  class=\"qbutton  small center default\" style=\"\">BOOK NOW<\/a><\/center>\t\t<\/div>\n\t\t\t\t<\/div>\n\t\t\t\t\t<\/div>\n\t\t<\/div>\n\t\t\t\t\t\t\t<\/div>\n\t\t<\/section>\n\t\t\t\t\t<\/div>\n\t\t<\/div>\n\t\t\t\t\t\t\t<\/div>\n\t\t<\/section>\n\t\t\t\t\t\t\t<\/div>\n\t\t","protected":false},"excerpt":{"rendered":"<p>DOBLE TERRAZA Enfold yourself in our welcoming spaces. We have everything you need to make us your first choice for accommodation, right in the heart of the city. \u00a0 Double room. Breakfast for two persons an additional $550 MXN if paying at the hotel. \u00a0&#8230;<\/p>\n","protected":false},"author":1,"featured_media":0,"parent":440,"menu_order":0,"comment_status":"closed","ping_status":"closed","template":"full_width.php","meta":{"footnotes":""},"class_list":["post-827","page","type-page","status-publish","hentry"],"_links":{"self":[{"href":"https:\/\/hhguadalupe.com\/ingles\/wp-json\/wp\/v2\/pages\/827","targetHints":{"allow":["GET"]}}],"collection":[{"href":"https:\/\/hhguadalupe.com\/ingles\/wp-json\/wp\/v2\/pages"}],"about":[{"href":"https:\/\/hhguadalupe.com\/ingles\/wp-json\/wp\/v2\/types\/page"}],"author":[{"embeddable":true,"href":"https:\/\/hhguadalupe.com\/ingles\/wp-json\/wp\/v2\/users\/1"}],"replies":[{"embeddable":true,"href":"https:\/\/hhguadalupe.com\/ingles\/wp-json\/wp\/v2\/comments?post=827"}],"version-history":[{"count":22,"href":"https:\/\/hhguadalupe.com\/ingles\/wp-json\/wp\/v2\/pages\/827\/revisions"}],"predecessor-version":[{"id":1033,"href":"https:\/\/hhguadalupe.com\/ingles\/wp-json\/wp\/v2\/pages\/827\/revisions\/1033"}],"up":[{"embeddable":true,"href":"https:\/\/hhguadalupe.com\/ingles\/wp-json\/wp\/v2\/pages\/440"}],"wp:attachment":[{"href":"https:\/\/hhguadalupe.com\/ingles\/wp-json\/wp\/v2\/media?parent=827"}],"curies":[{"name":"wp","href":"https:\/\/api.w.org\/{rel}","templated":true}]}}